{"id":1469,"date":"2025-10-05T21:05:07","date_gmt":"2025-10-05T19:05:07","guid":{"rendered":"https:\/\/www.karoma.com.co\/?page_id=1469"},"modified":"2025-10-05T23:21:21","modified_gmt":"2025-10-05T21:21:21","slug":"amenities-hoteles","status":"publish","type":"page","link":"https:\/\/www.karoma.com.co\/?page_id=1469","title":{"rendered":"Amenities Hoteles"},"content":{"rendered":"\t\t<div data-elementor-type=\"wp-page\" data-elementor-id=\"1469\" class=\"elementor elementor-1469\">\n\t\t\t\t\t\t<section class=\"elementor-section elementor-top-section elementor-element elementor-element-43f51288 elementor-section-content-middle elementor-section-boxed elementor-section-height-default elementor-section-height-default\" data-id=\"43f51288\" data-element_type=\"section\" data-e-type=\"section\" data-settings=\"{&quot;background_background&quot;:&quot;classic&quot;}\">\n\t\t\t\t\t\t\t<div class=\"elementor-background-overlay\"><\/div>\n\t\t\t\t\t\t\t<div class=\"elementor-container elementor-column-gap-no\">\n\t\t\t\t\t<div class=\"elementor-column elementor-col-100 elementor-top-column elementor-element elementor-element-97acc1f\" data-id=\"97acc1f\" data-element_type=\"column\" data-e-type=\"column\">\n\t\t\t<div class=\"elementor-widget-wrap elementor-element-populated\">\n\t\t\t\t\t\t<div class=\"elementor-element elementor-element-44b179b0 elementor-widget elementor-widget-heading\" data-id=\"44b179b0\" data-element_type=\"widget\" data-e-type=\"widget\" data-widget_type=\"heading.default\">\n\t\t\t\t<div class=\"elementor-widget-container\">\n\t\t\t\t\t<h1 class=\"elementor-heading-title elementor-size-default\">L\u00ednea amenities<\/h1>\t\t\t\t<\/div>\n\t\t\t\t<\/div>\n\t\t\t\t<div class=\"elementor-element elementor-element-827ad10 elementor-widget elementor-widget-heading\" data-id=\"827ad10\" data-element_type=\"widget\" data-e-type=\"widget\" data-widget_type=\"heading.default\">\n\t\t\t\t<div class=\"elementor-widget-container\">\n\t\t\t\t\t<h1 class=\"elementor-heading-title elementor-size-default\">Para hoteles - hostales - airbnb<\/h1>\t\t\t\t<\/div>\n\t\t\t\t<\/div>\n\t\t\t\t\t<\/div>\n\t\t<\/div>\n\t\t\t\t\t<\/div>\n\t\t<\/section>\n\t\t\t\t<section class=\"elementor-section elementor-top-section elementor-element elementor-element-7290f96c elementor-section-content-top elementor-section-boxed elementor-section-height-default elementor-section-height-default\" data-id=\"7290f96c\" data-element_type=\"section\" data-e-type=\"section\" data-settings=\"{&quot;background_background&quot;:&quot;classic&quot;}\">\n\t\t\t\t\t\t<div class=\"elementor-container elementor-column-gap-no\">\n\t\t\t\t\t<div class=\"elementor-column elementor-col-50 elementor-top-column elementor-element elementor-element-312efaae\" data-id=\"312efaae\" data-element_type=\"column\" data-e-type=\"column\">\n\t\t\t<div class=\"elementor-widget-wrap elementor-element-populated\">\n\t\t\t\t\t\t<div class=\"elementor-element elementor-element-539a9af4 elementor-widget elementor-widget-heading\" data-id=\"539a9af4\" data-element_type=\"widget\" data-e-type=\"widget\" data-widget_type=\"heading.default\">\n\t\t\t\t<div class=\"elementor-widget-container\">\n\t\t\t\t\t<h4 class=\"elementor-heading-title elementor-size-large\">Portafolio Ducha<\/h4>\t\t\t\t<\/div>\n\t\t\t\t<\/div>\n\t\t\t\t\t<\/div>\n\t\t<\/div>\n\t\t\t\t<div class=\"elementor-column elementor-col-50 elementor-top-column elementor-element elementor-element-10e3a095\" data-id=\"10e3a095\" data-element_type=\"column\" data-e-type=\"column\">\n\t\t\t<div class=\"elementor-widget-wrap elementor-element-populated\">\n\t\t\t\t\t\t\t<\/div>\n\t\t<\/div>\n\t\t\t\t\t<\/div>\n\t\t<\/section>\n\t\t\t\t<section class=\"elementor-section elementor-top-section elementor-element elementor-element-a2d1009 elementor-section-boxed elementor-section-height-default elementor-section-height-default\" data-id=\"a2d1009\" data-element_type=\"section\" data-e-type=\"section\">\n\t\t\t\t\t\t<div class=\"elementor-container elementor-column-gap-default\">\n\t\t\t\t\t<div class=\"elementor-column elementor-col-33 elementor-top-column elementor-element elementor-element-458b46cc\" data-id=\"458b46cc\" data-element_type=\"column\" data-e-type=\"column\">\n\t\t\t<div class=\"elementor-widget-wrap elementor-element-populated\">\n\t\t\t\t\t\t<div class=\"elementor-element elementor-element-373ad2d4 elementor-widget elementor-widget-image\" data-id=\"373ad2d4\" data-element_type=\"widget\" data-e-type=\"widget\" data-widget_type=\"image.default\">\n\t\t\t\t<div class=\"elementor-widget-container\">\n\t\t\t\t\t\t\t\t\t\t\t\t\t\t\t<img fetchpriority=\"high\" decoding=\"async\" width=\"911\" height=\"1024\" src=\"https:\/\/www.karoma.com.co\/wp-content\/uploads\/2025\/10\/Amatic-Jabon-Corporal-911x1024.jpg\" class=\"attachment-large size-large wp-image-1478\" alt=\"\" srcset=\"https:\/\/www.karoma.com.co\/wp-content\/uploads\/2025\/10\/Amatic-Jabon-Corporal-911x1024.jpg 911w, https:\/\/www.karoma.com.co\/wp-content\/uploads\/2025\/10\/Amatic-Jabon-Corporal-267x300.jpg 267w, https:\/\/www.karoma.com.co\/wp-content\/uploads\/2025\/10\/Amatic-Jabon-Corporal-768x863.jpg 768w, https:\/\/www.karoma.com.co\/wp-content\/uploads\/2025\/10\/Amatic-Jabon-Corporal.jpg 1000w\" sizes=\"(max-width: 911px) 100vw, 911px\" \/>\t\t\t\t\t\t\t\t\t\t\t\t\t\t\t<\/div>\n\t\t\t\t<\/div>\n\t\t\t\t<div class=\"elementor-element elementor-element-29e10840 elementor-widget elementor-widget-heading\" data-id=\"29e10840\" data-element_type=\"widget\" data-e-type=\"widget\" data-widget_type=\"heading.default\">\n\t\t\t\t<div class=\"elementor-widget-container\">\n\t\t\t\t\t<h2 class=\"elementor-heading-title elementor-size-large\">Body Wash - Jab\u00f3n Corporal<\/h2>\t\t\t\t<\/div>\n\t\t\t\t<\/div>\n\t\t\t\t<div class=\"elementor-element elementor-element-39438123 elementor-widget elementor-widget-text-editor\" data-id=\"39438123\" data-element_type=\"widget\" data-e-type=\"widget\" data-widget_type=\"text-editor.default\">\n\t\t\t\t<div class=\"elementor-widget-container\">\n\t\t\t\t\t\t\t\t\t<p>Con aloe vera y glicerina<\/p><p>Limpieza suave y delicada<\/p><p>Presentaciones:<\/p><p>Personal: 450 Mililitros<\/p><p>Gal\u00f3n: 4 Litros<\/p>\t\t\t\t\t\t\t\t<\/div>\n\t\t\t\t<\/div>\n\t\t\t\t\t<\/div>\n\t\t<\/div>\n\t\t\t\t<div class=\"elementor-column elementor-col-33 elementor-top-column elementor-element elementor-element-4670ac0\" data-id=\"4670ac0\" data-element_type=\"column\" data-e-type=\"column\">\n\t\t\t<div class=\"elementor-widget-wrap elementor-element-populated\">\n\t\t\t\t\t\t<div class=\"elementor-element elementor-element-5fed0285 elementor-widget elementor-widget-image\" data-id=\"5fed0285\" data-element_type=\"widget\" data-e-type=\"widget\" data-widget_type=\"image.default\">\n\t\t\t\t<div class=\"elementor-widget-container\">\n\t\t\t\t\t\t\t\t\t\t\t\t\t\t\t<img decoding=\"async\" width=\"911\" height=\"1024\" src=\"https:\/\/www.karoma.com.co\/wp-content\/uploads\/2025\/10\/Amatic-Shampoo-911x1024.jpg\" class=\"attachment-large size-large wp-image-1477\" alt=\"\" srcset=\"https:\/\/www.karoma.com.co\/wp-content\/uploads\/2025\/10\/Amatic-Shampoo-911x1024.jpg 911w, https:\/\/www.karoma.com.co\/wp-content\/uploads\/2025\/10\/Amatic-Shampoo-267x300.jpg 267w, https:\/\/www.karoma.com.co\/wp-content\/uploads\/2025\/10\/Amatic-Shampoo-768x863.jpg 768w, https:\/\/www.karoma.com.co\/wp-content\/uploads\/2025\/10\/Amatic-Shampoo.jpg 1000w\" sizes=\"(max-width: 911px) 100vw, 911px\" \/>\t\t\t\t\t\t\t\t\t\t\t\t\t\t\t<\/div>\n\t\t\t\t<\/div>\n\t\t\t\t<div class=\"elementor-element elementor-element-1882da80 elementor-widget elementor-widget-heading\" data-id=\"1882da80\" data-element_type=\"widget\" data-e-type=\"widget\" data-widget_type=\"heading.default\">\n\t\t\t\t<div class=\"elementor-widget-container\">\n\t\t\t\t\t<h2 class=\"elementor-heading-title elementor-size-large\">Shampoo - Champ\u00fa Cabello<\/h2>\t\t\t\t<\/div>\n\t\t\t\t<\/div>\n\t\t\t\t<div class=\"elementor-element elementor-element-155bc649 elementor-widget elementor-widget-text-editor\" data-id=\"155bc649\" data-element_type=\"widget\" data-e-type=\"widget\" data-widget_type=\"text-editor.default\">\n\t\t\t\t<div class=\"elementor-widget-container\">\n\t\t\t\t\t\t\t\t\t<p>Con keratina<\/p><p>Restaura, protege e hidrata<\/p><p>Presentaciones:<\/p><p>Personal: 450 Mililitros<\/p><p>Gal\u00f3n: 4 Litros<\/p>\t\t\t\t\t\t\t\t<\/div>\n\t\t\t\t<\/div>\n\t\t\t\t\t<\/div>\n\t\t<\/div>\n\t\t\t\t<div class=\"elementor-column elementor-col-33 elementor-top-column elementor-element elementor-element-6e29be1\" data-id=\"6e29be1\" data-element_type=\"column\" data-e-type=\"column\">\n\t\t\t<div class=\"elementor-widget-wrap elementor-element-populated\">\n\t\t\t\t\t\t<div class=\"elementor-element elementor-element-22b0aff9 elementor-widget elementor-widget-image\" data-id=\"22b0aff9\" data-element_type=\"widget\" data-e-type=\"widget\" data-widget_type=\"image.default\">\n\t\t\t\t<div class=\"elementor-widget-container\">\n\t\t\t\t\t\t\t\t\t\t\t\t\t\t\t<img decoding=\"async\" width=\"911\" height=\"1024\" src=\"https:\/\/www.karoma.com.co\/wp-content\/uploads\/2025\/10\/Amatic-Acondicionador-911x1024.jpg\" class=\"attachment-large size-large wp-image-1479\" alt=\"\" srcset=\"https:\/\/www.karoma.com.co\/wp-content\/uploads\/2025\/10\/Amatic-Acondicionador-911x1024.jpg 911w, https:\/\/www.karoma.com.co\/wp-content\/uploads\/2025\/10\/Amatic-Acondicionador-267x300.jpg 267w, https:\/\/www.karoma.com.co\/wp-content\/uploads\/2025\/10\/Amatic-Acondicionador-768x863.jpg 768w, https:\/\/www.karoma.com.co\/wp-content\/uploads\/2025\/10\/Amatic-Acondicionador.jpg 1000w\" sizes=\"(max-width: 911px) 100vw, 911px\" \/>\t\t\t\t\t\t\t\t\t\t\t\t\t\t\t<\/div>\n\t\t\t\t<\/div>\n\t\t\t\t<div class=\"elementor-element elementor-element-61429d6b elementor-widget elementor-widget-heading\" data-id=\"61429d6b\" data-element_type=\"widget\" data-e-type=\"widget\" data-widget_type=\"heading.default\">\n\t\t\t\t<div class=\"elementor-widget-container\">\n\t\t\t\t\t<h2 class=\"elementor-heading-title elementor-size-large\">Conditioner - Acondicionador<\/h2>\t\t\t\t<\/div>\n\t\t\t\t<\/div>\n\t\t\t\t<div class=\"elementor-element elementor-element-1e42c0b0 elementor-widget elementor-widget-text-editor\" data-id=\"1e42c0b0\" data-element_type=\"widget\" data-e-type=\"widget\" data-widget_type=\"text-editor.default\">\n\t\t\t\t<div class=\"elementor-widget-container\">\n\t\t\t\t\t\t\t\t\t<p>Con aceite de karit\u00e9, jojoba y arag\u00e1n<\/p><p>Revitalizaci\u00f3n profunda<\/p><p>Presentaciones:<\/p><p>Personal: 450 Mililitros<\/p><p>Gal\u00f3n: 4 Litros<\/p>\t\t\t\t\t\t\t\t<\/div>\n\t\t\t\t<\/div>\n\t\t\t\t\t<\/div>\n\t\t<\/div>\n\t\t\t\t\t<\/div>\n\t\t<\/section>\n\t\t\t\t<section class=\"elementor-section elementor-top-section elementor-element elementor-element-4ea05d7f elementor-section-boxed elementor-section-height-default elementor-section-height-default\" data-id=\"4ea05d7f\" data-element_type=\"section\" data-e-type=\"section\">\n\t\t\t\t\t\t<div class=\"elementor-container elementor-column-gap-default\">\n\t\t\t\t\t<div class=\"elementor-column elementor-col-100 elementor-top-column elementor-element elementor-element-1ac04b79\" data-id=\"1ac04b79\" data-element_type=\"column\" data-e-type=\"column\">\n\t\t\t<div class=\"elementor-widget-wrap elementor-element-populated\">\n\t\t\t\t\t\t<div class=\"elementor-element elementor-element-225e79d2 elementor-widget elementor-widget-spacer\" data-id=\"225e79d2\" data-element_type=\"widget\" data-e-type=\"widget\" data-widget_type=\"spacer.default\">\n\t\t\t\t<div class=\"elementor-widget-container\">\n\t\t\t\t\t\t\t<div class=\"elementor-spacer\">\n\t\t\t<div class=\"elementor-spacer-inner\"><\/div>\n\t\t<\/div>\n\t\t\t\t\t\t<\/div>\n\t\t\t\t<\/div>\n\t\t\t\t<div class=\"elementor-element elementor-element-61e8782d elementor-widget elementor-widget-heading\" data-id=\"61e8782d\" data-element_type=\"widget\" data-e-type=\"widget\" data-widget_type=\"heading.default\">\n\t\t\t\t<div class=\"elementor-widget-container\">\n\t\t\t\t\t<h2 class=\"elementor-heading-title elementor-size-default\">Portafolio Ba\u00f1o<\/h2>\t\t\t\t<\/div>\n\t\t\t\t<\/div>\n\t\t\t\t\t<\/div>\n\t\t<\/div>\n\t\t\t\t\t<\/div>\n\t\t<\/section>\n\t\t\t\t<section class=\"elementor-section elementor-top-section elementor-element elementor-element-79072331 elementor-section-boxed elementor-section-height-default elementor-section-height-default\" data-id=\"79072331\" data-element_type=\"section\" data-e-type=\"section\">\n\t\t\t\t\t\t<div class=\"elementor-container elementor-column-gap-default\">\n\t\t\t\t\t<div class=\"elementor-column elementor-col-33 elementor-top-column elementor-element elementor-element-aa9460b\" data-id=\"aa9460b\" data-element_type=\"column\" data-e-type=\"column\">\n\t\t\t<div class=\"elementor-widget-wrap elementor-element-populated\">\n\t\t\t\t\t\t<div class=\"elementor-element elementor-element-708c4f42 elementor-widget elementor-widget-image\" data-id=\"708c4f42\" data-element_type=\"widget\" data-e-type=\"widget\" data-widget_type=\"image.default\">\n\t\t\t\t<div class=\"elementor-widget-container\">\n\t\t\t\t\t\t\t\t\t\t\t\t\t\t\t<img loading=\"lazy\" decoding=\"async\" width=\"911\" height=\"1024\" src=\"https:\/\/www.karoma.com.co\/wp-content\/uploads\/2025\/10\/Amatic-Jabon-de-Manos-911x1024.jpg\" class=\"attachment-large size-large wp-image-1480\" alt=\"\" srcset=\"https:\/\/www.karoma.com.co\/wp-content\/uploads\/2025\/10\/Amatic-Jabon-de-Manos-911x1024.jpg 911w, https:\/\/www.karoma.com.co\/wp-content\/uploads\/2025\/10\/Amatic-Jabon-de-Manos-267x300.jpg 267w, https:\/\/www.karoma.com.co\/wp-content\/uploads\/2025\/10\/Amatic-Jabon-de-Manos-768x863.jpg 768w, https:\/\/www.karoma.com.co\/wp-content\/uploads\/2025\/10\/Amatic-Jabon-de-Manos.jpg 1000w\" sizes=\"(max-width: 911px) 100vw, 911px\" \/>\t\t\t\t\t\t\t\t\t\t\t\t\t\t\t<\/div>\n\t\t\t\t<\/div>\n\t\t\t\t<div class=\"elementor-element elementor-element-7752ec1 elementor-widget elementor-widget-heading\" data-id=\"7752ec1\" data-element_type=\"widget\" data-e-type=\"widget\" data-widget_type=\"heading.default\">\n\t\t\t\t<div class=\"elementor-widget-container\">\n\t\t\t\t\t<h2 class=\"elementor-heading-title elementor-size-large\">Liquid Hand Soap - Jab\u00f3n de Manos<\/h2>\t\t\t\t<\/div>\n\t\t\t\t<\/div>\n\t\t\t\t<div class=\"elementor-element elementor-element-773639cd elementor-widget elementor-widget-text-editor\" data-id=\"773639cd\" data-element_type=\"widget\" data-e-type=\"widget\" data-widget_type=\"text-editor.default\">\n\t\t\t\t<div class=\"elementor-widget-container\">\n\t\t\t\t\t\t\t\t\t<p>Con extractos vegetales<\/p><p>de avena y miel<\/p><p>Presentaciones:<\/p><p>Personal: 450 Mililitros<\/p><p>Gal\u00f3n: 4 Litros<\/p>\t\t\t\t\t\t\t\t<\/div>\n\t\t\t\t<\/div>\n\t\t\t\t\t<\/div>\n\t\t<\/div>\n\t\t\t\t<div class=\"elementor-column elementor-col-33 elementor-top-column elementor-element elementor-element-7420ffb9\" data-id=\"7420ffb9\" data-element_type=\"column\" data-e-type=\"column\">\n\t\t\t<div class=\"elementor-widget-wrap elementor-element-populated\">\n\t\t\t\t\t\t<div class=\"elementor-element elementor-element-6834e1e5 elementor-widget elementor-widget-image\" data-id=\"6834e1e5\" data-element_type=\"widget\" data-e-type=\"widget\" data-widget_type=\"image.default\">\n\t\t\t\t<div class=\"elementor-widget-container\">\n\t\t\t\t\t\t\t\t\t\t\t\t\t\t\t<img loading=\"lazy\" decoding=\"async\" width=\"911\" height=\"1024\" src=\"https:\/\/www.karoma.com.co\/wp-content\/uploads\/2025\/10\/Amatic-Crema-de-Manos-911x1024.jpg\" class=\"attachment-large size-large wp-image-1481\" alt=\"\" srcset=\"https:\/\/www.karoma.com.co\/wp-content\/uploads\/2025\/10\/Amatic-Crema-de-Manos-911x1024.jpg 911w, https:\/\/www.karoma.com.co\/wp-content\/uploads\/2025\/10\/Amatic-Crema-de-Manos-267x300.jpg 267w, https:\/\/www.karoma.com.co\/wp-content\/uploads\/2025\/10\/Amatic-Crema-de-Manos-768x863.jpg 768w, https:\/\/www.karoma.com.co\/wp-content\/uploads\/2025\/10\/Amatic-Crema-de-Manos.jpg 1000w\" sizes=\"(max-width: 911px) 100vw, 911px\" \/>\t\t\t\t\t\t\t\t\t\t\t\t\t\t\t<\/div>\n\t\t\t\t<\/div>\n\t\t\t\t<div class=\"elementor-element elementor-element-74bc116a elementor-widget elementor-widget-heading\" data-id=\"74bc116a\" data-element_type=\"widget\" data-e-type=\"widget\" data-widget_type=\"heading.default\">\n\t\t\t\t<div class=\"elementor-widget-container\">\n\t\t\t\t\t<h2 class=\"elementor-heading-title elementor-size-large\">Moisturizing Cream - Crema Humectante<\/h2>\t\t\t\t<\/div>\n\t\t\t\t<\/div>\n\t\t\t\t<div class=\"elementor-element elementor-element-a92d979 elementor-widget elementor-widget-text-editor\" data-id=\"a92d979\" data-element_type=\"widget\" data-e-type=\"widget\" data-widget_type=\"text-editor.default\">\n\t\t\t\t<div class=\"elementor-widget-container\">\n\t\t\t\t\t\t\t\t\t<p>Con vitaminas A, E, H, B5<\/p><p>Y extracto de aloe vera<\/p><p>Presentaciones:<\/p><p>Cu\u00f1ete: 19 Litros<\/p><p>Gal\u00f3n: 3.8 Litros<\/p>\t\t\t\t\t\t\t\t<\/div>\n\t\t\t\t<\/div>\n\t\t\t\t\t<\/div>\n\t\t<\/div>\n\t\t\t\t<div class=\"elementor-column elementor-col-33 elementor-top-column elementor-element elementor-element-edc48ec\" data-id=\"edc48ec\" data-element_type=\"column\" data-e-type=\"column\">\n\t\t\t<div class=\"elementor-widget-wrap elementor-element-populated\">\n\t\t\t\t\t\t<div class=\"elementor-element elementor-element-3527b244 elementor-widget elementor-widget-image\" data-id=\"3527b244\" data-element_type=\"widget\" data-e-type=\"widget\" data-widget_type=\"image.default\">\n\t\t\t\t<div class=\"elementor-widget-container\">\n\t\t\t\t\t\t\t\t\t\t\t\t\t\t\t<img loading=\"lazy\" decoding=\"async\" width=\"911\" height=\"1024\" src=\"https:\/\/www.karoma.com.co\/wp-content\/uploads\/2025\/10\/Amatic-Dispensadores-911x1024.jpg\" class=\"attachment-large size-large wp-image-1482\" alt=\"\" srcset=\"https:\/\/www.karoma.com.co\/wp-content\/uploads\/2025\/10\/Amatic-Dispensadores-911x1024.jpg 911w, https:\/\/www.karoma.com.co\/wp-content\/uploads\/2025\/10\/Amatic-Dispensadores-267x300.jpg 267w, https:\/\/www.karoma.com.co\/wp-content\/uploads\/2025\/10\/Amatic-Dispensadores-768x863.jpg 768w, https:\/\/www.karoma.com.co\/wp-content\/uploads\/2025\/10\/Amatic-Dispensadores.jpg 1000w\" sizes=\"(max-width: 911px) 100vw, 911px\" \/>\t\t\t\t\t\t\t\t\t\t\t\t\t\t\t<\/div>\n\t\t\t\t<\/div>\n\t\t\t\t<div class=\"elementor-element elementor-element-7e8234e6 elementor-widget elementor-widget-heading\" data-id=\"7e8234e6\" data-element_type=\"widget\" data-e-type=\"widget\" data-widget_type=\"heading.default\">\n\t\t\t\t<div class=\"elementor-widget-container\">\n\t\t\t\t\t<h2 class=\"elementor-heading-title elementor-size-large\">Dispensadores y Soportes<\/h2>\t\t\t\t<\/div>\n\t\t\t\t<\/div>\n\t\t\t\t<div class=\"elementor-element elementor-element-39e970a8 elementor-widget elementor-widget-text-editor\" data-id=\"39e970a8\" data-element_type=\"widget\" data-e-type=\"widget\" data-widget_type=\"text-editor.default\">\n\t\t\t\t<div class=\"elementor-widget-container\">\n\t\t\t\t\t\t\t\t\t<p>Las presentaciones de 450 mililitros se usan como dispensadores para cada producto.<\/p><p>Los soportes los proveemos, para instalar los dispensadores a la pared o superficies.<\/p>\t\t\t\t\t\t\t\t<\/div>\n\t\t\t\t<\/div>\n\t\t\t\t\t<\/div>\n\t\t<\/div>\n\t\t\t\t\t<\/div>\n\t\t<\/section>\n\t\t\t\t<section class=\"elementor-section elementor-top-section elementor-element elementor-element-2dc23037 elementor-section-boxed elementor-section-height-default elementor-section-height-default\" data-id=\"2dc23037\" data-element_type=\"section\" data-e-type=\"section\" data-settings=\"{&quot;background_background&quot;:&quot;classic&quot;}\">\n\t\t\t\t\t\t<div class=\"elementor-container elementor-column-gap-default\">\n\t\t\t\t\t<div class=\"elementor-column elementor-col-25 elementor-top-column elementor-element elementor-element-30d554ab\" data-id=\"30d554ab\" data-element_type=\"column\" data-e-type=\"column\">\n\t\t\t<div class=\"elementor-widget-wrap\">\n\t\t\t\t\t\t\t<\/div>\n\t\t<\/div>\n\t\t\t\t<div class=\"elementor-column elementor-col-25 elementor-top-column elementor-element elementor-element-5d6a7e02\" data-id=\"5d6a7e02\" data-element_type=\"column\" data-e-type=\"column\">\n\t\t\t<div class=\"elementor-widget-wrap elementor-element-populated\">\n\t\t\t\t\t\t<div class=\"elementor-element elementor-element-29bd9800 elementor-widget elementor-widget-heading\" data-id=\"29bd9800\" data-element_type=\"widget\" data-e-type=\"widget\" data-widget_type=\"heading.default\">\n\t\t\t\t<div class=\"elementor-widget-container\">\n\t\t\t\t\t<h3 class=\"elementor-heading-title elementor-size-default\">\u00bfNecesitas asesor\u00eda en bioseguridad para tu empresa o negocio? Somos expertos<\/h3>\t\t\t\t<\/div>\n\t\t\t\t<\/div>\n\t\t\t\t\t<\/div>\n\t\t<\/div>\n\t\t\t\t<div class=\"elementor-column elementor-col-25 elementor-top-column elementor-element elementor-element-1d7396ff\" data-id=\"1d7396ff\" data-element_type=\"column\" data-e-type=\"column\">\n\t\t\t<div class=\"elementor-widget-wrap elementor-element-populated\">\n\t\t\t\t\t\t<div class=\"elementor-element elementor-element-20a292d8 elementor-align-center elementor-widget elementor-widget-button\" data-id=\"20a292d8\" data-element_type=\"widget\" data-e-type=\"widget\" data-widget_type=\"button.default\">\n\t\t\t\t<div class=\"elementor-widget-container\">\n\t\t\t\t\t\t\t\t\t<div class=\"elementor-button-wrapper\">\n\t\t\t\t\t<a class=\"elementor-button elementor-button-link elementor-size-sm\" href=\"https:\/\/www.karoma.com.co\/?page_id=529\">\n\t\t\t\t\t\t<span class=\"elementor-button-content-wrapper\">\n\t\t\t\t\t\t\t\t\t<span class=\"elementor-button-text\">Cont\u00e1ctanos<\/span>\n\t\t\t\t\t<\/span>\n\t\t\t\t\t<\/a>\n\t\t\t\t<\/div>\n\t\t\t\t\t\t\t\t<\/div>\n\t\t\t\t<\/div>\n\t\t\t\t\t<\/div>\n\t\t<\/div>\n\t\t\t\t<div class=\"elementor-column elementor-col-25 elementor-top-column elementor-element elementor-element-3d718d2e\" data-id=\"3d718d2e\" data-element_type=\"column\" data-e-type=\"column\">\n\t\t\t<div class=\"elementor-widget-wrap\">\n\t\t\t\t\t\t\t<\/div>\n\t\t<\/div>\n\t\t\t\t\t<\/div>\n\t\t<\/section>\n\t\t\t\t<\/div>\n\t\t","protected":false},"excerpt":{"rendered":"<p>L\u00ednea amenities Para hoteles &#8211; hostales &#8211; airbnb Portafolio Ducha Body Wash &#8211; Jab\u00f3n Corporal Con aloe vera y glicerina Limpieza suave y delicada Presentaciones: Personal: 450 Mililitros Gal\u00f3n: 4 Litros Shampoo &#8211; Champ\u00fa Cabello Con keratina Restaura, protege e hidrata Presentaciones: Personal: 450 Mililitros Gal\u00f3n: 4 Litros Conditioner &#8211; Acondicionador Con aceite de karit\u00e9, &hellip;<\/p>\n<p class=\"read-more\"> <a class=\"\" href=\"https:\/\/www.karoma.com.co\/?page_id=1469\"> <span class=\"screen-reader-text\">Amenities Hoteles<\/span> Leer m\u00e1s &raquo;<\/a><\/p>\n","protected":false},"author":1,"featured_media":0,"parent":0,"menu_order":0,"comment_status":"closed","ping_status":"closed","template":"","meta":{"site-sidebar-layout":"no-sidebar","site-content-layout":"page-builder","ast-global-header-display":"","ast-main-header-display":"","ast-hfb-above-header-display":"","ast-hfb-below-header-display":"","ast-hfb-mobile-header-display":"","site-post-title":"disabled","ast-breadcrumbs-content":"","ast-featured-img":"disabled","footer-sml-layout":"","theme-transparent-header-meta":"","adv-header-id-meta":"","stick-header-meta":"","header-above-stick-meta":"","header-main-stick-meta":"","header-below-stick-meta":"","_joinchat":[],"footnotes":""},"class_list":["post-1469","page","type-page","status-publish","hentry"],"_links":{"self":[{"href":"https:\/\/www.karoma.com.co\/index.php?rest_route=\/wp\/v2\/pages\/1469","targetHints":{"allow":["GET"]}}],"collection":[{"href":"https:\/\/www.karoma.com.co\/index.php?rest_route=\/wp\/v2\/pages"}],"about":[{"href":"https:\/\/www.karoma.com.co\/index.php?rest_route=\/wp\/v2\/types\/page"}],"author":[{"embeddable":true,"href":"https:\/\/www.karoma.com.co\/index.php?rest_route=\/wp\/v2\/users\/1"}],"replies":[{"embeddable":true,"href":"https:\/\/www.karoma.com.co\/index.php?rest_route=%2Fwp%2Fv2%2Fcomments&post=1469"}],"version-history":[{"count":7,"href":"https:\/\/www.karoma.com.co\/index.php?rest_route=\/wp\/v2\/pages\/1469\/revisions"}],"predecessor-version":[{"id":1488,"href":"https:\/\/www.karoma.com.co\/index.php?rest_route=\/wp\/v2\/pages\/1469\/revisions\/1488"}],"wp:attachment":[{"href":"https:\/\/www.karoma.com.co\/index.php?rest_route=%2Fwp%2Fv2%2Fmedia&parent=1469"}],"curies":[{"name":"wp","href":"https:\/\/api.w.org\/{rel}","templated":true}]}}